{"id":129,"date":"2021-01-21T19:27:13","date_gmt":"2021-01-21T19:27:13","guid":{"rendered":"http:\/\/siluteslaidotuviunamai.lt\/?page_id=129"},"modified":"2024-12-24T08:07:19","modified_gmt":"2024-12-24T08:07:19","slug":"automobiliai","status":"publish","type":"page","link":"https:\/\/siluteslaidotuviunamai.lt\/?page_id=129","title":{"rendered":"Automobiliai"},"content":{"rendered":"\t\t<div data-elementor-type=\"wp-page\" data-elementor-id=\"129\" class=\"elementor elementor-129\">\n\t\t\t\t\t\t<section class=\"elementor-section elementor-top-section elementor-element elementor-element-859ac0b elementor-section-boxed elementor-section-height-default elementor-section-height-default\" data-id=\"859ac0b\" data-element_type=\"section\" data-e-type=\"section\">\n\t\t\t\t\t\t<div class=\"elementor-container elementor-column-gap-default\">\n\t\t\t\t\t<div class=\"elementor-column elementor-col-100 elementor-top-column elementor-element elementor-element-56467802\" data-id=\"56467802\" data-element_type=\"column\" data-e-type=\"column\">\n\t\t\t<div class=\"elementor-widget-wrap elementor-element-populated\">\n\t\t\t\t\t\t<div class=\"elementor-element elementor-element-5f2618a1 elementor-widget elementor-widget-text-editor\" data-id=\"5f2618a1\" data-element_type=\"widget\" data-e-type=\"widget\" data-widget_type=\"text-editor.default\">\n\t\t\t\t<div class=\"elementor-widget-container\">\n\t\t\t\t\t\t\t\t\t<div class=\"wp-block-group\"><div class=\"wp-block-group__inner-container\"><div class=\"wp-block-columns\"><div class=\"wp-block-column\" style=\"flex-basis: 100%;\"><div class=\"wp-block-group\"><div class=\"wp-block-group__inner-container\"><div class=\"wp-block-columns\"><div class=\"wp-block-column\" style=\"flex-basis: 100%;\"><div class=\"wp-block-group\"><div class=\"wp-block-group__inner-container\"><div class=\"wp-block-image\" style=\"text-align: center;\"><figure class=\"aligncenter size-large is-resized\"><strong>Mirusiojo palaik\u0173 perve\u017eimas&nbsp;<\/strong><\/figure>\n<figure class=\"aligncenter size-large is-resized\"><strong><br><img decoding=\"async\" class=\"alignnone wp-image-209\" src=\"https:\/\/siluteslaidotuviunamai.lt\/wp-content\/uploads\/2021\/01\/P1050218-300x225.jpg\" alt=\"\" width=\"196\" height=\"146\" srcset=\"https:\/\/siluteslaidotuviunamai.lt\/wp-content\/uploads\/2021\/01\/P1050218-300x225.jpg 300w, https:\/\/siluteslaidotuviunamai.lt\/wp-content\/uploads\/2021\/01\/P1050218-768x576.jpg 768w, https:\/\/siluteslaidotuviunamai.lt\/wp-content\/uploads\/2021\/01\/P1050218.jpg 800w\" sizes=\"(max-width: 196px) 100vw, 196px\" \/>&nbsp; <\/strong><img decoding=\"async\" class=\"alignnone wp-image-207 \" src=\"https:\/\/siluteslaidotuviunamai.lt\/wp-content\/uploads\/2021\/01\/P1050216-e1617711159500-300x219.jpg\" alt=\"\" width=\"200\" height=\"146\" srcset=\"https:\/\/siluteslaidotuviunamai.lt\/wp-content\/uploads\/2021\/01\/P1050216-e1617711159500-300x219.jpg 300w, https:\/\/siluteslaidotuviunamai.lt\/wp-content\/uploads\/2021\/01\/P1050216-e1617711159500.jpg 648w\" sizes=\"(max-width: 200px) 100vw, 200px\" \/><br>Mirusiojo k\u016bno perve\u017eimui naudojamas specializuotas transportas turintis visus reikalingus higienos sertifikatus ir atitinkantis visus \u012fstatymus ir teisinius reglamentus.<p><\/p>\n<p><img decoding=\"async\" class=\"alignnone wp-image-210\" src=\"https:\/\/siluteslaidotuviunamai.lt\/wp-content\/uploads\/2021\/01\/P1050222-225x300.jpg\" alt=\"\" width=\"171\" height=\"228\" srcset=\"https:\/\/siluteslaidotuviunamai.lt\/wp-content\/uploads\/2021\/01\/P1050222-225x300.jpg 225w, https:\/\/siluteslaidotuviunamai.lt\/wp-content\/uploads\/2021\/01\/P1050222.jpg 600w\" sizes=\"(max-width: 171px) 100vw, 171px\" \/><\/p>\n<\/figure>\n<figure class=\"aligncenter size-large is-resized\"><\/figure>\n<\/div>\n<p><!-- \/wp:image --><\/p>\n<\/div>\n<\/div>\n<p><!-- \/wp:group --><\/p>\n<\/div>\n<p><!-- \/wp:column --><\/p>\n<\/div>\n<p><!-- \/wp:columns --><\/p>\n<\/div>\n<\/div>\n<p><!-- \/wp:group --><\/p>\n<\/div>\n<p><!-- \/wp:column --><\/p>\n<\/div>\n<p><!-- \/wp:columns --><\/p>\n<\/div>\n<\/div>\n<p><!-- \/wp:group --><\/p>\n<p><!-- wp:paragraph --><\/p>\n<p><!-- \/wp:paragraph --><\/p>\t\t\t\t\t\t\t\t<\/div>\n\t\t\t\t<\/div>\n\t\t\t\t\t<\/div>\n\t\t<\/div>\n\t\t\t\t\t<\/div>\n\t\t<\/section>\n\t\t\t\t<\/div>\n\t\t","protected":false},"excerpt":{"rendered":"<p>Mirusiojo palaik\u0173 perve\u017eimas&nbsp; &nbsp; Mirusiojo k\u016bno perve\u017eimui naudojamas specializuotas transportas turintis visus reikalingus higienos sertifikatus ir atitinkantis visus \u012fstatymus ir teisinius reglamentus.<\/p>\n","protected":false},"author":1,"featured_media":350,"parent":0,"menu_order":0,"comment_status":"closed","ping_status":"closed","template":"","meta":{"footnotes":""},"class_list":["post-129","page","type-page","status-publish","has-post-thumbnail","hentry"],"_links":{"self":[{"href":"https:\/\/siluteslaidotuviunamai.lt\/index.php?rest_route=\/wp\/v2\/pages\/129","targetHints":{"allow":["GET"]}}],"collection":[{"href":"https:\/\/siluteslaidotuviunamai.lt\/index.php?rest_route=\/wp\/v2\/pages"}],"about":[{"href":"https:\/\/siluteslaidotuviunamai.lt\/index.php?rest_route=\/wp\/v2\/types\/page"}],"author":[{"embeddable":true,"href":"https:\/\/siluteslaidotuviunamai.lt\/index.php?rest_route=\/wp\/v2\/users\/1"}],"replies":[{"embeddable":true,"href":"https:\/\/siluteslaidotuviunamai.lt\/index.php?rest_route=%2Fwp%2Fv2%2Fcomments&post=129"}],"version-history":[{"count":69,"href":"https:\/\/siluteslaidotuviunamai.lt\/index.php?rest_route=\/wp\/v2\/pages\/129\/revisions"}],"predecessor-version":[{"id":2923,"href":"https:\/\/siluteslaidotuviunamai.lt\/index.php?rest_route=\/wp\/v2\/pages\/129\/revisions\/2923"}],"wp:featuredmedia":[{"embeddable":true,"href":"https:\/\/siluteslaidotuviunamai.lt\/index.php?rest_route=\/wp\/v2\/media\/350"}],"wp:attachment":[{"href":"https:\/\/siluteslaidotuviunamai.lt\/index.php?rest_route=%2Fwp%2Fv2%2Fmedia&parent=129"}],"curies":[{"name":"wp","href":"https:\/\/api.w.org\/{rel}","templated":true}]}}