{"id":21,"date":"2021-01-20T19:12:59","date_gmt":"2021-01-20T19:12:59","guid":{"rendered":"http:\/\/siluteslaidotuviunamai.lt\/?page_id=21"},"modified":"2024-06-17T12:51:55","modified_gmt":"2024-06-17T12:51:55","slug":"apie","status":"publish","type":"page","link":"https:\/\/siluteslaidotuviunamai.lt\/","title":{"rendered":"Paslaugos"},"content":{"rendered":"\t\t<div data-elementor-type=\"wp-page\" data-elementor-id=\"21\" class=\"elementor elementor-21\">\n\t\t\t\t\t\t<section class=\"elementor-section elementor-top-section elementor-element elementor-element-7d1f4a1f elementor-section-boxed elementor-section-height-default elementor-section-height-default\" data-id=\"7d1f4a1f\" data-element_type=\"section\" data-e-type=\"section\">\n\t\t\t\t\t\t<div class=\"elementor-container elementor-column-gap-default\">\n\t\t\t\t\t<div class=\"elementor-column elementor-col-100 elementor-top-column elementor-element elementor-element-6dcae392\" data-id=\"6dcae392\" data-element_type=\"column\" data-e-type=\"column\">\n\t\t\t<div class=\"elementor-widget-wrap elementor-element-populated\">\n\t\t\t\t\t\t<div class=\"elementor-element elementor-element-12b8bcd elementor-widget elementor-widget-text-editor\" data-id=\"12b8bcd\" data-element_type=\"widget\" data-e-type=\"widget\" data-widget_type=\"text-editor.default\">\n\t\t\t\t<div class=\"elementor-widget-container\">\n\t\t\t\t\t\t\t\t\t<p><\/p>\n<figure class=\"wp-block-gallery columns-3 is-cropped wp-block-gallery-2 is-layout-flex wp-block-gallery-is-layout-flex\">\n<p style=\"text-align: center;\"><span style=\"color: #999999;\"><em>Sunki\u0105 akimirk\u0105 norime b\u016bti kartu ir pad\u0117ti jums.<\/em><\/span><\/p>\n<p><\/p>\n<p>\u00a0<\/p>\n<ul class=\"blocks-gallery-grid\">\n<li class=\"blocks-gallery-item\">\n<figure><img decoding=\"async\" class=\"wp-image-69\" src=\"https:\/\/siluteslaidotuviunamai.lt\/wp-content\/uploads\/2021\/01\/RANKOS-1.jpg\" alt=\"\" data-id=\"69\" data-full-url=\"https:\/\/siluteslaidotuviunamai.lt\/wp-content\/uploads\/2021\/01\/RANKOS-1.jpg\" data-link=\"https:\/\/siluteslaidotuviunamai.lt\/?attachment_id=69\" \/>\n<p>\u00a0<\/p>\n<figcaption class=\"blocks-gallery-item__caption\"><em>Ramyb\u0117 ir u\u017euojauta<\/em><\/figcaption>\n<\/figure>\n<\/li>\n<li class=\"blocks-gallery-item\">\n<figure><img fetchpriority=\"high\" decoding=\"async\" width=\"600\" height=\"800\" class=\"wp-image-68\" src=\"https:\/\/siluteslaidotuviunamai.lt\/wp-content\/uploads\/2021\/01\/P1050347-1.jpg\" alt=\"1 Jus pasitiks erdvus ir \u0161viesus laukiamasis\" data-id=\"68\" data-full-url=\"https:\/\/siluteslaidotuviunamai.lt\/wp-content\/uploads\/2021\/01\/P1050347-1.jpg\" data-link=\"https:\/\/siluteslaidotuviunamai.lt\/?attachment_id=68\" srcset=\"https:\/\/siluteslaidotuviunamai.lt\/wp-content\/uploads\/2021\/01\/P1050347-1.jpg 600w, https:\/\/siluteslaidotuviunamai.lt\/wp-content\/uploads\/2021\/01\/P1050347-1-225x300.jpg 225w\" sizes=\"(max-width: 600px) 100vw, 600px\" \/>\n<p>\u00a0<\/p>\n<figcaption class=\"blocks-gallery-item__caption\"><em>\u0160viesus laukiamasi<\/em><\/figcaption>\n<\/figure>\n<\/li>\n<li class=\"blocks-gallery-item\">\n<figure><img decoding=\"async\" width=\"600\" height=\"800\" class=\"wp-image-67\" src=\"https:\/\/siluteslaidotuviunamai.lt\/wp-content\/uploads\/2021\/01\/laidojimo-namai-teliai-lapkasiai-005-1.jpg\" alt=\"\" data-id=\"67\" data-full-url=\"https:\/\/siluteslaidotuviunamai.lt\/wp-content\/uploads\/2021\/01\/laidojimo-namai-teliai-lapkasiai-005-1.jpg\" data-link=\"https:\/\/siluteslaidotuviunamai.lt\/?attachment_id=67\" srcset=\"https:\/\/siluteslaidotuviunamai.lt\/wp-content\/uploads\/2021\/01\/laidojimo-namai-teliai-lapkasiai-005-1.jpg 600w, https:\/\/siluteslaidotuviunamai.lt\/wp-content\/uploads\/2021\/01\/laidojimo-namai-teliai-lapkasiai-005-1-225x300.jpg 225w\" sizes=\"(max-width: 600px) 100vw, 600px\" \/>\n<p>\u00a0<\/p>\n<figcaption class=\"blocks-gallery-item__caption\"><em>Jauki aplinka<\/em><\/figcaption>\n<\/figure>\n<\/li>\n<\/ul>\n<\/figure>\n<p><\/p>\n<p><\/p>\t\t\t\t\t\t\t\t<\/div>\n\t\t\t\t<\/div>\n\t\t\t\t<div class=\"elementor-element elementor-element-098a47b elementor-widget-divider--view-line_text elementor-widget-divider--element-align-center elementor-widget elementor-widget-divider\" data-id=\"098a47b\" data-element_type=\"widget\" data-e-type=\"widget\" data-widget_type=\"divider.default\">\n\t\t\t\t<div class=\"elementor-widget-container\">\n\t\t\t\t\t\t\t<div class=\"elementor-divider\">\n\t\t\t<span class=\"elementor-divider-separator\">\n\t\t\t\t\t\t\t<span class=\"elementor-divider__text elementor-divider__element\">\n\t\t\t\t<b>Mes norime Jums pasi\u016blyti<\/b>\t\t\t\t<\/span>\n\t\t\t\t\t\t<\/span>\n\t\t<\/div>\n\t\t\t\t\t\t<\/div>\n\t\t\t\t<\/div>\n\t\t\t\t<div class=\"elementor-element elementor-element-10470bf9 elementor-widget elementor-widget-text-editor\" data-id=\"10470bf9\" data-element_type=\"widget\" data-e-type=\"widget\" data-widget_type=\"text-editor.default\">\n\t\t\t\t<div class=\"elementor-widget-container\">\n\t\t\t\t\t\t\t\t\t\n<div class=\"wp-block-group\">\n<div class=\"wp-block-group__inner-container is-layout-flow wp-block-group-is-layout-flow\">\n<figure class=\"wp-block-gallery columns-3 is-cropped wp-block-gallery-3 is-layout-flex wp-block-gallery-is-layout-flex\">\n<ul class=\"blocks-gallery-grid\">\n<li class=\"blocks-gallery-item\">\n<figure><img decoding=\"async\" class=\"alignnone size-medium wp-image-350\" src=\"https:\/\/siluteslaidotuviunamai.lt\/wp-content\/uploads\/2021\/04\/Masinos-300x186.jpg\" alt=\"\" width=\"300\" height=\"186\" srcset=\"https:\/\/siluteslaidotuviunamai.lt\/wp-content\/uploads\/2021\/04\/Masinos-300x186.jpg 300w, https:\/\/siluteslaidotuviunamai.lt\/wp-content\/uploads\/2021\/04\/Masinos-1024x634.jpg 1024w, https:\/\/siluteslaidotuviunamai.lt\/wp-content\/uploads\/2021\/04\/Masinos-768x475.jpg 768w, https:\/\/siluteslaidotuviunamai.lt\/wp-content\/uploads\/2021\/04\/Masinos-1536x951.jpg 1536w, https:\/\/siluteslaidotuviunamai.lt\/wp-content\/uploads\/2021\/04\/Masinos.jpg 2000w\" sizes=\"(max-width: 300px) 100vw, 300px\" \/><\/figure>\n<\/li>\n<li class=\"blocks-gallery-item\">\n<figure><img loading=\"lazy\" decoding=\"async\" class=\"alignnone size-medium wp-image-354\" src=\"https:\/\/siluteslaidotuviunamai.lt\/wp-content\/uploads\/2021\/04\/Poilsio-300x200.jpg\" alt=\"\" width=\"300\" height=\"200\" srcset=\"https:\/\/siluteslaidotuviunamai.lt\/wp-content\/uploads\/2021\/04\/Poilsio-300x200.jpg 300w, https:\/\/siluteslaidotuviunamai.lt\/wp-content\/uploads\/2021\/04\/Poilsio-1024x684.jpg 1024w, https:\/\/siluteslaidotuviunamai.lt\/wp-content\/uploads\/2021\/04\/Poilsio-768x513.jpg 768w, https:\/\/siluteslaidotuviunamai.lt\/wp-content\/uploads\/2021\/04\/Poilsio-1536x1026.jpg 1536w, https:\/\/siluteslaidotuviunamai.lt\/wp-content\/uploads\/2021\/04\/Poilsio.jpg 2000w\" sizes=\"(max-width: 300px) 100vw, 300px\" \/><\/figure>\n<\/li>\n<li class=\"blocks-gallery-item\">\n<figure><img decoding=\"async\" class=\"wp-image-124\" src=\"https:\/\/siluteslaidotuviunamai.lt\/wp-content\/uploads\/2021\/01\/Paslaugos-4.jpg\" alt=\"\" data-id=\"124\" data-full-url=\"https:\/\/siluteslaidotuviunamai.lt\/wp-content\/uploads\/2021\/01\/Paslaugos-4.jpg\" data-link=\"https:\/\/siluteslaidotuviunamai.lt\/?attachment_id=124\" \/><\/figure>\n<\/li>\n<\/ul>\n<\/figure>\n<\/div>\n<\/div>\n\n<ul class=\"wp-block-list\">\n<li><a href=\"https:\/\/siluteslaidotuviunamai.lt\/?page_id=22\">Modernios \u0161arvojimo sal\u0117s su aptarnavimu;<\/a><\/li>\n<li>Mirusiojo pa\u0117mimas i\u0161 nam\u0173 ar gydymo \u012fstaigos;<\/li>\n<li>Operatyvios kremavimo paslaugos;<\/li>\n<li>Profesionalus velionio k\u016bno paruo\u0161imas \u0161arvojimui;<\/li>\n<li><a href=\"https:\/\/siluteslaidotuviunamai.lt\/?page_id=238\">Kokybi\u0161ki karstai, drabu\u017eiai, ritualin\u0117 atributika;<\/a><\/li>\n<li><a href=\"https:\/\/siluteslaidotuviunamai.lt\/?page_id=238\">I\u0161skirtiniai g\u0117li\u0173 papuo\u0161imai, puok\u0161t\u0117s, <\/a><a href=\"https:\/\/siluteslaidotuviunamai.lt\/?page_id=238\"> vainikai,<\/a><a href=\"https:\/\/siluteslaidotuviunamai.lt\/?page_id=238\"> urnos,\u00a0 karstai;<\/a><\/li>\n<li>Laidotuvi\u0173 proceso organizavimas, palyda;<\/li>\n<li><a href=\"https:\/\/siluteslaidotuviunamai.lt\/?page_id=129\">Specialus laidotuvi\u0173 transportas;<\/a><\/li>\n<li>Kapaviet\u0117s sutvarkymas ir prie\u017ei\u016bra<\/li>\n<li><a href=\"https:\/\/siluteslaidotuviunamai.lt\/?page_id=475\">Palaik\u0173 saugojimas specializuotose \u0161aldytuvuose\u00a0<\/a><\/li>\n<\/ul>\n\t\t\t\t\t\t\t\t<\/div>\n\t\t\t\t<\/div>\n\t\t\t\t\t<\/div>\n\t\t<\/div>\n\t\t\t\t\t<\/div>\n\t\t<\/section>\n\t\t\t\t<\/div>\n\t\t","protected":false},"excerpt":{"rendered":"<p>Sunki\u0105 akimirk\u0105 norime b\u016bti kartu ir pad\u0117ti jums. S\u00f2ng B\u1ea1c Tr\u1ef1c Tuy\u1ebfn: Huy\u1ec1n Tho\u1ea1i C\u1ee7a Nh\u1eefng V\u00e1n \u0110\u00e1nh B\u1ea1c Phong Khoang T\u1ea1i S\u00f2ng b\u1ea1c tr\u1ef1c tuy\u1ebfn \u0111\u00e3 tr\u1edf th\u00e0nh m\u1ed9t bi\u1ec3u t\u01b0\u1ee3ng trong th\u1ebf gi\u1edbi gi\u1ea3i tr\u00ed tr\u1ef1c tuy\u1ebfn, thu h\u00fat ng\u01b0\u1eddi ch\u01a1i b\u1edfi s\u1ef1 ti\u1ec7n l\u1ee3i v\u00e0 tr\u1ea3i nghi\u1ec7m ch\u00e2n th\u1ef1c gi\u1ed1ng nh\u01b0 \u1edf &hellip; <\/p>\n<p class=\"link-more\"><a href=\"https:\/\/siluteslaidotuviunamai.lt\/\" class=\"more-link\">Toliau skaityti<span class=\"screen-reader-text\"> &#8222;Paslaugos&#8221;<\/span><\/a><\/p>\n","protected":false},"author":1,"featured_media":0,"parent":0,"menu_order":0,"comment_status":"closed","ping_status":"closed","template":"","meta":{"footnotes":""},"class_list":["post-21","page","type-page","status-publish","hentry"],"_links":{"self":[{"href":"https:\/\/siluteslaidotuviunamai.lt\/index.php?rest_route=\/wp\/v2\/pages\/21","targetHints":{"allow":["GET"]}}],"collection":[{"href":"https:\/\/siluteslaidotuviunamai.lt\/index.php?rest_route=\/wp\/v2\/pages"}],"about":[{"href":"https:\/\/siluteslaidotuviunamai.lt\/index.php?rest_route=\/wp\/v2\/types\/page"}],"author":[{"embeddable":true,"href":"https:\/\/siluteslaidotuviunamai.lt\/index.php?rest_route=\/wp\/v2\/users\/1"}],"replies":[{"embeddable":true,"href":"https:\/\/siluteslaidotuviunamai.lt\/index.php?rest_route=%2Fwp%2Fv2%2Fcomments&post=21"}],"version-history":[{"count":70,"href":"https:\/\/siluteslaidotuviunamai.lt\/index.php?rest_route=\/wp\/v2\/pages\/21\/revisions"}],"predecessor-version":[{"id":538,"href":"https:\/\/siluteslaidotuviunamai.lt\/index.php?rest_route=\/wp\/v2\/pages\/21\/revisions\/538"}],"wp:attachment":[{"href":"https:\/\/siluteslaidotuviunamai.lt\/index.php?rest_route=%2Fwp%2Fv2%2Fmedia&parent=21"}],"curies":[{"name":"wp","href":"https:\/\/api.w.org\/{rel}","templated":true}]}}