{"id":22,"date":"2021-01-20T19:12:59","date_gmt":"2021-01-20T19:12:59","guid":{"rendered":"http:\/\/siluteslaidotuviunamai.lt\/?page_id=22"},"modified":"2024-12-24T08:09:20","modified_gmt":"2024-12-24T08:09:20","slug":"sarvojimo-sales","status":"publish","type":"page","link":"https:\/\/siluteslaidotuviunamai.lt\/?page_id=22","title":{"rendered":"\u0160arvojimo sal\u0117s"},"content":{"rendered":"\t\t<div data-elementor-type=\"wp-page\" data-elementor-id=\"22\" class=\"elementor elementor-22\">\n\t\t\t\t\t\t<section class=\"elementor-section elementor-top-section elementor-element elementor-element-3a588748 elementor-section-boxed elementor-section-height-default elementor-section-height-default\" data-id=\"3a588748\" data-element_type=\"section\" data-e-type=\"section\">\n\t\t\t\t\t\t<div class=\"elementor-container elementor-column-gap-default\">\n\t\t\t\t\t<div class=\"elementor-column elementor-col-100 elementor-top-column elementor-element elementor-element-d8ac88c\" data-id=\"d8ac88c\" data-element_type=\"column\" data-e-type=\"column\">\n\t\t\t<div class=\"elementor-widget-wrap elementor-element-populated\">\n\t\t\t\t\t\t<div class=\"elementor-element elementor-element-8069cdc elementor-widget elementor-widget-text-editor\" data-id=\"8069cdc\" data-element_type=\"widget\" data-e-type=\"widget\" data-widget_type=\"text-editor.default\">\n\t\t\t\t<div class=\"elementor-widget-container\">\n\t\t\t\t\t\t\t\t\t<p style=\"text-align: center;\"><img fetchpriority=\"high\" decoding=\"async\" class=\"alignnone size-medium wp-image-347\" src=\"https:\/\/siluteslaidotuviunamai.lt\/wp-content\/uploads\/2021\/04\/Koridorius-1-190x300.jpg\" alt=\"\" width=\"190\" height=\"300\" srcset=\"https:\/\/siluteslaidotuviunamai.lt\/wp-content\/uploads\/2021\/04\/Koridorius-1-190x300.jpg 190w, https:\/\/siluteslaidotuviunamai.lt\/wp-content\/uploads\/2021\/04\/Koridorius-1-649x1024.jpg 649w, https:\/\/siluteslaidotuviunamai.lt\/wp-content\/uploads\/2021\/04\/Koridorius-1-768x1212.jpg 768w, https:\/\/siluteslaidotuviunamai.lt\/wp-content\/uploads\/2021\/04\/Koridorius-1-973x1536.jpg 973w, https:\/\/siluteslaidotuviunamai.lt\/wp-content\/uploads\/2021\/04\/Koridorius-1.jpg 1200w\" sizes=\"(max-width: 190px) 100vw, 190px\" \/>\u00a0 <img decoding=\"async\" class=\"alignnone size-medium wp-image-359\" src=\"https:\/\/siluteslaidotuviunamai.lt\/wp-content\/uploads\/2021\/04\/Sale-258x300.jpg\" alt=\"\" width=\"258\" height=\"300\" srcset=\"https:\/\/siluteslaidotuviunamai.lt\/wp-content\/uploads\/2021\/04\/Sale-258x300.jpg 258w, https:\/\/siluteslaidotuviunamai.lt\/wp-content\/uploads\/2021\/04\/Sale-880x1024.jpg 880w, https:\/\/siluteslaidotuviunamai.lt\/wp-content\/uploads\/2021\/04\/Sale-768x893.jpg 768w, https:\/\/siluteslaidotuviunamai.lt\/wp-content\/uploads\/2021\/04\/Sale.jpg 1200w\" sizes=\"(max-width: 258px) 100vw, 258px\" \/> <img decoding=\"async\" class=\"alignnone size-medium wp-image-361\" src=\"https:\/\/siluteslaidotuviunamai.lt\/wp-content\/uploads\/2021\/04\/Sale-2-206x300.jpg\" alt=\"\" width=\"206\" height=\"300\" srcset=\"https:\/\/siluteslaidotuviunamai.lt\/wp-content\/uploads\/2021\/04\/Sale-2-206x300.jpg 206w, https:\/\/siluteslaidotuviunamai.lt\/wp-content\/uploads\/2021\/04\/Sale-2-703x1024.jpg 703w, https:\/\/siluteslaidotuviunamai.lt\/wp-content\/uploads\/2021\/04\/Sale-2-768x1119.jpg 768w, https:\/\/siluteslaidotuviunamai.lt\/wp-content\/uploads\/2021\/04\/Sale-2-1054x1536.jpg 1054w, https:\/\/siluteslaidotuviunamai.lt\/wp-content\/uploads\/2021\/04\/Sale-2.jpg 1200w\" sizes=\"(max-width: 206px) 100vw, 206px\" \/> \u00a0<\/p>\n<p>\u0160arvojimas ir atsisveikinimas patogiose sal\u0117se. Turime tris sales, kurios tiks tiek didesniam, tiek ir ma\u017eesniam lankan\u010di\u0173j\u0173 skai\u010diui. Visos sal\u0117s yra pritaikytos atsisveikinimo ceremonijoms, v\u0117dinamos ir v\u0117sinamos.<\/p>\n\n<p>\u00a0<\/p>\n\n<p style=\"text-align: center;\"><img loading=\"lazy\" decoding=\"async\" class=\"alignnone\" src=\"https:\/\/siluteslaidotuviunamai.lt\/wp-content\/uploads\/2021\/04\/Poilsio-1-300x192.jpg\" alt=\"\" width=\"268\" height=\"171\" \/> \u00a0\u00a0<img loading=\"lazy\" decoding=\"async\" class=\"\" src=\"https:\/\/siluteslaidotuviunamai.lt\/wp-content\/uploads\/2021\/04\/Poilsio-2-e1617712533884-300x273.jpg\" alt=\"\" width=\"189\" height=\"171\" \/> <img loading=\"lazy\" decoding=\"async\" class=\"\" src=\"https:\/\/siluteslaidotuviunamai.lt\/wp-content\/uploads\/2021\/04\/Poilsio-3-300x203.jpg\" alt=\"\" width=\"268\" height=\"181\" \/><\/p>\n<p style=\"text-align: center;\">Moderniai \u012frengti poilsio kambariai leis jums ir jus pagerbti atvykusiems draugams pails\u0117ti ir pabendrauti jaukioje aplinkoje.\u00a0<\/p>\n\n<p>\u00a0<\/p>\n\t\t\t\t\t\t\t\t<\/div>\n\t\t\t\t<\/div>\n\t\t\t\t\t<\/div>\n\t\t<\/div>\n\t\t\t\t\t<\/div>\n\t\t<\/section>\n\t\t\t\t<\/div>\n\t\t","protected":false},"excerpt":{"rendered":"<p>\u00a0 \u00a0 \u0160arvojimas ir atsisveikinimas patogiose sal\u0117se. Turime tris sales, kurios tiks tiek didesniam, tiek ir ma\u017eesniam lankan\u010di\u0173j\u0173 skai\u010diui. Visos sal\u0117s yra pritaikytos atsisveikinimo ceremonijoms, v\u0117dinamos ir v\u0117sinamos. &nbsp; \u00a0\u00a0 Moderniai \u012frengti poilsio kambariai leis jums ir jus pagerbti atvykusiems draugams pails\u0117ti ir pabendrauti jaukioje aplinkoje.\u00a0 &nbsp;<\/p>\n","protected":false},"author":1,"featured_media":376,"parent":0,"menu_order":0,"comment_status":"closed","ping_status":"closed","template":"","meta":{"footnotes":""},"class_list":["post-22","page","type-page","status-publish","has-post-thumbnail","hentry"],"_links":{"self":[{"href":"https:\/\/siluteslaidotuviunamai.lt\/index.php?rest_route=\/wp\/v2\/pages\/22","targetHints":{"allow":["GET"]}}],"collection":[{"href":"https:\/\/siluteslaidotuviunamai.lt\/index.php?rest_route=\/wp\/v2\/pages"}],"about":[{"href":"https:\/\/siluteslaidotuviunamai.lt\/index.php?rest_route=\/wp\/v2\/types\/page"}],"author":[{"embeddable":true,"href":"https:\/\/siluteslaidotuviunamai.lt\/index.php?rest_route=\/wp\/v2\/users\/1"}],"replies":[{"embeddable":true,"href":"https:\/\/siluteslaidotuviunamai.lt\/index.php?rest_route=%2Fwp%2Fv2%2Fcomments&post=22"}],"version-history":[{"count":89,"href":"https:\/\/siluteslaidotuviunamai.lt\/index.php?rest_route=\/wp\/v2\/pages\/22\/revisions"}],"predecessor-version":[{"id":2925,"href":"https:\/\/siluteslaidotuviunamai.lt\/index.php?rest_route=\/wp\/v2\/pages\/22\/revisions\/2925"}],"wp:featuredmedia":[{"embeddable":true,"href":"https:\/\/siluteslaidotuviunamai.lt\/index.php?rest_route=\/wp\/v2\/media\/376"}],"wp:attachment":[{"href":"https:\/\/siluteslaidotuviunamai.lt\/index.php?rest_route=%2Fwp%2Fv2%2Fmedia&parent=22"}],"curies":[{"name":"wp","href":"https:\/\/api.w.org\/{rel}","templated":true}]}}