{"id":283,"date":"2021-01-31T22:16:53","date_gmt":"2021-01-31T22:16:53","guid":{"rendered":"http:\/\/siluteslaidotuviunamai.lt\/?page_id=283"},"modified":"2025-04-18T10:52:24","modified_gmt":"2025-04-18T10:52:24","slug":"apie-mus","status":"publish","type":"page","link":"https:\/\/siluteslaidotuviunamai.lt\/?page_id=283","title":{"rendered":"Apie mus"},"content":{"rendered":"\t\t<div data-elementor-type=\"wp-page\" data-elementor-id=\"283\" class=\"elementor elementor-283\">\n\t\t\t\t\t\t<section class=\"elementor-section elementor-top-section elementor-element elementor-element-20c3aae elementor-section-boxed elementor-section-height-default elementor-section-height-default\" data-id=\"20c3aae\" data-element_type=\"section\" data-e-type=\"section\">\n\t\t\t\t\t\t<div class=\"elementor-container elementor-column-gap-default\">\n\t\t\t\t\t<div class=\"elementor-column elementor-col-100 elementor-top-column elementor-element elementor-element-d59e7d8\" data-id=\"d59e7d8\" data-element_type=\"column\" data-e-type=\"column\">\n\t\t\t<div class=\"elementor-widget-wrap elementor-element-populated\">\n\t\t\t\t\t\t<div class=\"elementor-element elementor-element-3361d55 elementor-widget elementor-widget-text-editor\" data-id=\"3361d55\" data-element_type=\"widget\" data-e-type=\"widget\" data-widget_type=\"text-editor.default\">\n\t\t\t\t<div class=\"elementor-widget-container\">\n\t\t\t\t\t\t\t\t\t<p style=\"text-align: center;\"><strong>UAB \u201e\u0160ilut\u0117s laidotuvi\u0173 namai\u201c<\/strong><\/p>\n<p><img fetchpriority=\"high\" decoding=\"async\" src=\"https:\/\/siluteslaidotuviunamai.lt\/wp-content\/uploads\/2021\/04\/Nams-3-1-300x205.jpg\" alt=\"\" width=\"281\" height=\"192\" \/> \u00a0<img decoding=\"async\" src=\"https:\/\/siluteslaidotuviunamai.lt\/wp-content\/uploads\/2021\/04\/Koridorius-2-1-236x300.jpg\" alt=\"\" width=\"151\" height=\"191\" \/>\u00a0<img decoding=\"async\" style=\"font-size: 1rem;\" src=\"https:\/\/siluteslaidotuviunamai.lt\/wp-content\/uploads\/2021\/04\/Koridorius-4-229x300.jpg\" alt=\"\" width=\"135\" height=\"177\" \/> \u00a0<img loading=\"lazy\" decoding=\"async\" style=\"font-size: 1rem;\" src=\"https:\/\/siluteslaidotuviunamai.lt\/wp-content\/uploads\/2021\/04\/Koridorius-3-1-300x180.jpg\" alt=\"\" width=\"296\" height=\"178\" \/><span style=\"font-size: 1rem;\">\u00a0<\/span><\/p>\n<p>M\u016bs\u0173 kompanija jau daug met\u0173 teikia visas laidojimo paslaugas. Ilgamet\u0117 patirtis, turima moderni technika ir tam sukurtos patalpos leid\u017eia kokybi\u0161kai, greitai ir profesionaliai atlikti paslaugas ir \u012fgyvendinti visus j\u016bs\u0173 norus ,kad sunki\u0105 akimirk\u0105 jums niekas ner\u016bp\u0117tu.<\/p>\n<p>Vadov\u0117 &#8211; <strong>Gra\u017eina Treigien\u0117<\/strong><br \/>\u012emon\u0117s kodas &#8211; <strong>305316044<\/strong><br \/>PVM mok\u0117tojo kodas &#8211;<strong> LT100012800716<\/strong><\/p>\n<p>\u00a0<\/p>\t\t\t\t\t\t\t\t<\/div>\n\t\t\t\t<\/div>\n\t\t\t\t\t<\/div>\n\t\t<\/div>\n\t\t\t\t\t<\/div>\n\t\t<\/section>\n\t\t\t\t<\/div>\n\t\t","protected":false},"excerpt":{"rendered":"<p>UAB \u201e\u0160ilut\u0117s laidotuvi\u0173 namai\u201c \u00a0\u00a0 \u00a0\u00a0 M\u016bs\u0173 kompanija jau daug met\u0173 teikia visas laidojimo paslaugas. Ilgamet\u0117 patirtis, turima moderni technika ir tam sukurtos patalpos leid\u017eia kokybi\u0161kai, greitai ir profesionaliai atlikti paslaugas ir \u012fgyvendinti visus j\u016bs\u0173 norus ,kad sunki\u0105 akimirk\u0105 jums niekas ner\u016bp\u0117tu. Vadov\u0117 &#8211; Gra\u017eina Treigien\u0117\u012emon\u0117s kodas &#8211; 305316044PVM mok\u0117tojo kodas &#8211; LT100012800716 \u00a0<\/p>\n","protected":false},"author":1,"featured_media":0,"parent":0,"menu_order":0,"comment_status":"closed","ping_status":"closed","template":"","meta":{"footnotes":""},"class_list":["post-283","page","type-page","status-publish","hentry"],"_links":{"self":[{"href":"https:\/\/siluteslaidotuviunamai.lt\/index.php?rest_route=\/wp\/v2\/pages\/283","targetHints":{"allow":["GET"]}}],"collection":[{"href":"https:\/\/siluteslaidotuviunamai.lt\/index.php?rest_route=\/wp\/v2\/pages"}],"about":[{"href":"https:\/\/siluteslaidotuviunamai.lt\/index.php?rest_route=\/wp\/v2\/types\/page"}],"author":[{"embeddable":true,"href":"https:\/\/siluteslaidotuviunamai.lt\/index.php?rest_route=\/wp\/v2\/users\/1"}],"replies":[{"embeddable":true,"href":"https:\/\/siluteslaidotuviunamai.lt\/index.php?rest_route=%2Fwp%2Fv2%2Fcomments&post=283"}],"version-history":[{"count":20,"href":"https:\/\/siluteslaidotuviunamai.lt\/index.php?rest_route=\/wp\/v2\/pages\/283\/revisions"}],"predecessor-version":[{"id":2942,"href":"https:\/\/siluteslaidotuviunamai.lt\/index.php?rest_route=\/wp\/v2\/pages\/283\/revisions\/2942"}],"wp:attachment":[{"href":"https:\/\/siluteslaidotuviunamai.lt\/index.php?rest_route=%2Fwp%2Fv2%2Fmedia&parent=283"}],"curies":[{"name":"wp","href":"https:\/\/api.w.org\/{rel}","templated":true}]}}